{"id":107,"date":"2021-03-09T15:10:00","date_gmt":"2021-03-09T14:10:00","guid":{"rendered":"http:\/\/ssa-architektur.com\/?page_id=107"},"modified":"2021-09-21T13:52:23","modified_gmt":"2021-09-21T11:52:23","slug":"profile","status":"publish","type":"page","link":"https:\/\/ssa-architektur.com\/en\/profile\/","title":{"rendered":"Profile"},"content":{"rendered":"<!--themify_builder_content-->\n<div id=\"themify_builder_content-107\" data-postid=\"107\" class=\"themify_builder_content themify_builder_content-107 themify_builder tf_clear\">\n                    <div  data-css_id=\"joy2893\" data-lazy=\"1\" class=\"module_row themify_builder_row fullwidth tb_joy2893 tb_first tf_w\">\n                        <div class=\"row_inner col_align_middle tb_col_count_2 tf_box tf_rel\">\n                        <div  data-lazy=\"1\" class=\"module_column tb-column col4-2 tb_b6to894 first\">\n                    <!-- module text -->\n<div  class=\"module module-text tb_sk5w184  repeat\" data-lazy=\"1\">\n        <div  class=\"tb_text_wrap\">\n        <p>Our aim is to provide high quality design that delivers realistic and achievable projects of all scales and uses without compromising on creativity. Due to our extensive experience in architecture and landscape architecture as well as in the field of project management and development, both contribute a diverse and integral knowledge from the design stages through to completion.<\/p>    <\/div>\n<\/div>\n<!-- \/module text -->        <\/div>\n                    <div  data-lazy=\"1\" class=\"module_column tb-column col4-2 tb_e5dc400 last\">\n                    <!-- module image -->\n<div  class=\"module module-image tb_cf84145 image-top   auto_fullwidth tf_mw\" data-lazy=\"1\">\n        <div class=\"image-wrap tf_rel tf_mw\">\n            <img decoding=\"async\" src=\"https:\/\/ssa-architektur.com\/wp-content\/uploads\/2021\/07\/Photo-Profil-maria2-Kopie-1024x648-632x400.jpg\" height=\"400\" class=\"wp-post-image wp-image-1329\" title=\"Photo Profil maria2 Kopie\" alt=\"Photo Profil maria2 Kopie\" srcset=\"https:\/\/ssa-architektur.com\/wp-content\/uploads\/2021\/07\/Photo-Profil-maria2-Kopie-1024x648-632x400.jpg 632w, https:\/\/ssa-architektur.com\/wp-content\/uploads\/2021\/07\/Photo-Profil-maria2-Kopie-300x190.jpg 300w, https:\/\/ssa-architektur.com\/wp-content\/uploads\/2021\/07\/Photo-Profil-maria2-Kopie-1024x648.jpg 1024w, https:\/\/ssa-architektur.com\/wp-content\/uploads\/2021\/07\/Photo-Profil-maria2-Kopie-768x486.jpg 768w, https:\/\/ssa-architektur.com\/wp-content\/uploads\/2021\/07\/Photo-Profil-maria2-Kopie-1536x971.jpg 1536w, https:\/\/ssa-architektur.com\/wp-content\/uploads\/2021\/07\/Photo-Profil-maria2-Kopie-2048x1295.jpg 2048w, https:\/\/ssa-architektur.com\/wp-content\/uploads\/2021\/07\/Photo-Profil-maria2-Kopie-16x10.jpg 16w, https:\/\/ssa-architektur.com\/wp-content\/uploads\/2021\/07\/Photo-Profil-maria2-Kopie-1612x1019.jpg 1612w, https:\/\/ssa-architektur.com\/wp-content\/uploads\/2021\/07\/Photo-Profil-maria2-Kopie-1116x706.jpg 1116w, https:\/\/ssa-architektur.com\/wp-content\/uploads\/2021\/07\/Photo-Profil-maria2-Kopie-806x510.jpg 806w, https:\/\/ssa-architektur.com\/wp-content\/uploads\/2021\/07\/Photo-Profil-maria2-Kopie-558x353.jpg 558w, https:\/\/ssa-architektur.com\/wp-content\/uploads\/2021\/07\/Photo-Profil-maria2-Kopie-655x414.jpg 655w\" sizes=\"(max-width: 632px) 100vw, 632px\" \/>    \n        <\/div>\n    <!-- \/image-wrap -->\n    \n        <\/div>\n<!-- \/module image -->        <\/div>\n                        <\/div>\n        <\/div>\n                        <div  data-css_id=\"zjc2601\" data-lazy=\"1\" class=\"module_row themify_builder_row fullwidth tb_zjc2601 tf_w\">\n                        <div class=\"row_inner col_align_top tb_col_count_3 tf_box tf_rel\">\n                        <div  data-lazy=\"1\" class=\"module_column tb-column col4-2 tb_fznt601 first\">\n                            <\/div>\n                    <div  data-lazy=\"1\" class=\"module_column tb-column col4-1 tb_w808601\">\n                    <!-- module text -->\n<div  class=\"module module-text tb_pvvs322\" data-lazy=\"1\">\n        <div  class=\"tb_text_wrap\">\n        <p><strong>Bodo Schumacher<\/strong><br \/>MArch, Dipl. Ing,<br \/>Architekt<\/p>\n<p>Career<br \/>Founding partner ssaarchitektur<br \/>Niber Realty, Berlin, DE <br \/>Rafael de La Hoz, Madrid, ES<br \/>Allies and Morrison, London, UK <br \/>Daniel K\u00fcndig, Z\u00fcrich, CH<br \/>David Adjaye, London, UK<\/p>\n<p>Studies<br \/>Escuela T\u00e9cnica Superior de Arquitectura, Madrid, ES<br \/>University College London, The Bartlett, London, UK<br \/>University of Greenwich. London, UK<\/p>    <\/div>\n<\/div>\n<!-- \/module text -->        <\/div>\n                    <div  data-lazy=\"1\" class=\"module_column tb-column col4-1 tb_ym0q498 last\">\n                    <!-- module text -->\n<div  class=\"module module-text tb_r059825\" data-lazy=\"1\">\n        <div  class=\"tb_text_wrap\">\n        <p><strong>Maria Sala<\/strong><br>BA (Hons), Dipl. LA<br>Landschaftsarchitektin<\/p>\n<p>Career<br>Founding partner ssaarchitektur<br>Cespa, Madrid, ES<br>Farrer Huxley Associates, London, UK<br>Horticultura Belvis, Madrid, ES<\/p>\n<p>Studies<br>University of Greenwich. London, UK<br>Escuela de Jardiner\u00eda Castillo de Batres,<br>Madrid, ES<\/p>    <\/div>\n<\/div>\n<!-- \/module text -->        <\/div>\n                        <\/div>\n        <\/div>\n        <\/div>\n<!--\/themify_builder_content-->","protected":false},"excerpt":{"rendered":"<p>Unser Ziel ist es, hochwertige Gestaltungsl\u00f6sungen f\u00fcr realistische und durchf\u00fchrbare Projekte aller Ma\u00dfst\u00e4be und Nutzungen zu finden, ohne auf Kompromisse bei der Kreativit\u00e4t einzugehen. Durch die langj\u00e4hrigen Erfahrungen in der Architektur und Landschaftsarchitektur sowie in den Bereichen des Projektmanagement und der Projektentwicklung bringen beide unterschiedliches und integrales Wissen von der Planung bis zur Fertigstellung ein.&hellip;<\/p>","protected":false},"author":1,"featured_media":0,"parent":0,"menu_order":0,"comment_status":"closed","ping_status":"closed","template":"","meta":{"_acf_changed":false,"footnotes":""},"class_list":["post-107","page","type-page","status-publish","hentry"],"acf":[],"_links":{"self":[{"href":"https:\/\/ssa-architektur.com\/en\/wp-json\/wp\/v2\/pages\/107","targetHints":{"allow":["GET"]}}],"collection":[{"href":"https:\/\/ssa-architektur.com\/en\/wp-json\/wp\/v2\/pages"}],"about":[{"href":"https:\/\/ssa-architektur.com\/en\/wp-json\/wp\/v2\/types\/page"}],"author":[{"embeddable":true,"href":"https:\/\/ssa-architektur.com\/en\/wp-json\/wp\/v2\/users\/1"}],"replies":[{"embeddable":true,"href":"https:\/\/ssa-architektur.com\/en\/wp-json\/wp\/v2\/comments?post=107"}],"version-history":[{"count":6,"href":"https:\/\/ssa-architektur.com\/en\/wp-json\/wp\/v2\/pages\/107\/revisions"}],"predecessor-version":[{"id":1411,"href":"https:\/\/ssa-architektur.com\/en\/wp-json\/wp\/v2\/pages\/107\/revisions\/1411"}],"wp:attachment":[{"href":"https:\/\/ssa-architektur.com\/en\/wp-json\/wp\/v2\/media?parent=107"}],"curies":[{"name":"wp","href":"https:\/\/api.w.org\/{rel}","templated":true}]}}