{"id":719,"date":"2021-06-25T03:19:44","date_gmt":"2021-06-25T01:19:44","guid":{"rendered":"http:\/\/ssa-architektur.com\/?page_id=719"},"modified":"2026-03-27T09:26:01","modified_gmt":"2026-03-27T08:26:01","slug":"impressum","status":"publish","type":"page","link":"https:\/\/ssa-architektur.com\/en\/impressum\/","title":{"rendered":"Imprint"},"content":{"rendered":"<!--themify_builder_content-->\n<div id=\"themify_builder_content-719\" data-postid=\"719\" class=\"themify_builder_content themify_builder_content-719 themify_builder tf_clear\">\n                    <div  data-lazy=\"1\" class=\"module_row themify_builder_row tb_43uk24 tb_first tf_w\">\n                        <div class=\"row_inner col_align_top tb_col_count_1 tf_box tf_rel\">\n                        <div  data-lazy=\"1\" class=\"module_column tb-column col-full tb_ry4025 first\">\n                    <!-- module text -->\n<div  class=\"module module-text tb_asw1835\" data-lazy=\"1\">\n        <div  class=\"tb_text_wrap\">\n        <h1><span style=\"color: #000000;\">Imprint<\/span><\/h1>\n<h2>Angaben gem\u00e4\u00df \u00a7 5 TMG<\/h2>\n<p>ssaarchitektur<br>Stargarder Stra\u00dfe 19<br>10437 Berlin<\/p>\n<p>Partnerschaftsregister: PR 1326 B<br>Registergericht: AG Berlin-Charlottenburg<\/p>\n<p><strong>Vertreten durch:<\/strong><br>Bodo Schumacher<br>Maria Sala Luengo<\/p>\n<h2>Contact<\/h2>\n<p>Telefon: +49 (0)30 984 43 287<br>E-Mail: info@ssa-architektur.com<\/p>\n<h2>Umsatzsteuer-ID<\/h2>\n<p>Umsatzsteuer-Identifikationsnummer gem\u00e4\u00df \u00a7 27 a Umsatzsteuergesetz:<br>DE315015106<\/p>\n<h2>Webmaster<\/h2>\n<p>Design und Layout <a href=\"https:\/\/sparkway-media.de\/\" target=\"_blank\" rel=\"noopener\">www.sparkway-media.de<\/a><br>Bei Fehlern und Fragen an den Webmaster wenden.<\/p>\n<h2>Bildreferenzen:<\/h2>\n<p>Startseite: Diagonale Betonkante: Marcus Lenk<br>Quadratische \u00d6ffnung in Beton: Pawel Czerwinski<br>\u00c4ste: Joshua Bartell<br>Palmenschatten auf Beton: Anna Sullivan<br>Ver\u00e4ndertes Hintergrundsbild: Milad B. Fakurian<br>Projekte: Wall 9-13 I Aufstockung: WZM<br>Forum Steglitz: Aukett und Heese<br>Mendez Alvaro 120: Rafael de la Hoz<br>Gran Via 48: Rafael de la Hoz<br>Moorgate: Allies and Morrison<br>East Side Office: Bildreferenz: HIH<br>BYD: Bildreferenz: Sternauto<\/p>\n<h2>Berufsbezeichnung und berufsrechtliche Regelungen<\/h2>\n<p>Berufsbezeichnung: Architekt, Landschaftsarchitekt<br>Zust\u00e4ndige Kammer: Architektenkammer Berlin<br>Verliehen in: Deutschland<\/p>\n<p>Es gelten folgende berufsrechtliche Regelungen:<\/p>\n<h2>Angaben zur Berufshaftpflichtversicherung<\/h2>\n<p><strong>Name und Sitz des Versicherers:<\/strong><br>R+V Allgemeine Versicherung AG<br>Mittlerer Pfad 24, D 322<br>70499 Stuttgart<\/p>\n<p><strong>Geltungsraum der Versicherung:<\/strong><br>Europa<\/p>\n<h2>EU-Streitschlichtung<\/h2>\n<p>Die Europ\u00e4ische Kommission stellt eine Plattform zur Online-Streitbeilegung (OS) bereit: <a href=\"https:\/\/ec.europa.eu\/consumers\/odr\/\" target=\"_blank\" rel=\"noopener noreferrer\">https:\/\/ec.europa.eu\/consumers\/odr\/<\/a>.<br>Unsere E-Mail-Adresse finden Sie oben im Impressum.<\/p>\n<h2>Verbraucher\u00adstreit\u00adbeilegung\/Universal\u00adschlichtungs\u00adstelle<\/h2>\n<p>Wir sind nicht bereit oder verpflichtet, an Streitbeilegungsverfahren vor einer Verbraucherschlichtungsstelle teilzunehmen.<\/p>    <\/div>\n<\/div>\n<!-- \/module text -->        <\/div>\n                        <\/div>\n        <\/div>\n        <\/div>\n<!--\/themify_builder_content-->","protected":false},"excerpt":{"rendered":"<p>Impressum Angaben gem\u00e4\u00df \u00a7 5 TMG ssaarchitekturStargarder Stra\u00dfe 1910437 Berlin Partnerschaftsregister: PR 1326 BRegistergericht: AG Berlin-Charlottenburg Vertreten durch:Bodo SchumacherMaria Sala Luengo Kontakt Telefon: +49 (0)30 984 43 287E-Mail: info@ssa-architektur.com Umsatzsteuer-ID Umsatzsteuer-Identifikationsnummer gem\u00e4\u00df \u00a7 27 a Umsatzsteuergesetz:DE315015106 Webmaster Design und Layout www.sparkway-media.deBei Fehlern und Fragen an den Webmaster wenden. Bildreferenzen: Startseite: Diagonale Betonkante: Marcus LenkQuadratische \u00d6ffnung&hellip;<\/p>","protected":false},"author":1,"featured_media":0,"parent":0,"menu_order":0,"comment_status":"closed","ping_status":"closed","template":"","meta":{"_acf_changed":false,"footnotes":""},"class_list":["post-719","page","type-page","status-publish","hentry"],"acf":[],"_links":{"self":[{"href":"https:\/\/ssa-architektur.com\/en\/wp-json\/wp\/v2\/pages\/719","targetHints":{"allow":["GET"]}}],"collection":[{"href":"https:\/\/ssa-architektur.com\/en\/wp-json\/wp\/v2\/pages"}],"about":[{"href":"https:\/\/ssa-architektur.com\/en\/wp-json\/wp\/v2\/types\/page"}],"author":[{"embeddable":true,"href":"https:\/\/ssa-architektur.com\/en\/wp-json\/wp\/v2\/users\/1"}],"replies":[{"embeddable":true,"href":"https:\/\/ssa-architektur.com\/en\/wp-json\/wp\/v2\/comments?post=719"}],"version-history":[{"count":11,"href":"https:\/\/ssa-architektur.com\/en\/wp-json\/wp\/v2\/pages\/719\/revisions"}],"predecessor-version":[{"id":1686,"href":"https:\/\/ssa-architektur.com\/en\/wp-json\/wp\/v2\/pages\/719\/revisions\/1686"}],"wp:attachment":[{"href":"https:\/\/ssa-architektur.com\/en\/wp-json\/wp\/v2\/media?parent=719"}],"curies":[{"name":"wp","href":"https:\/\/api.w.org\/{rel}","templated":true}]}}